{"id":1268,"date":"2020-09-15T10:39:37","date_gmt":"2020-09-15T08:39:37","guid":{"rendered":"https:\/\/www.kasteelvalkenburg.nl\/eintrittspreisen\/"},"modified":"2024-12-28T15:53:28","modified_gmt":"2024-12-28T14:53:28","slug":"eintrittspreisen","status":"publish","type":"page","link":"https:\/\/www.kasteelvalkenburg.nl\/de\/planen-sie-ihren-besuch\/eintrittspreisen\/","title":{"rendered":"Eintrittspreisen"},"content":{"rendered":"\t\t<div data-elementor-type=\"wp-page\" data-elementor-id=\"1268\" class=\"elementor elementor-1268 elementor-55\" data-elementor-post-type=\"page\">\n\t\t\t\t\t\t<section class=\"elementor-section elementor-top-section elementor-element elementor-element-58d378e elementor-section-boxed ang-section-padding-initial elementor-section-height-default elementor-section-height-default elementor-repeater-item-none elementor-repeater-item-none_hover\" data-id=\"58d378e\" data-element_type=\"section\" data-e-type=\"section\" data-settings=\"{&quot;background_background&quot;:&quot;classic&quot;,&quot;shape_divider_top&quot;:&quot;waves&quot;}\">\n\t\t\t\t\t<div class=\"elementor-shape elementor-shape-top\" aria-hidden=\"true\" data-negative=\"false\">\n\t\t\t<svg xmlns=\"http:\/\/www.w3.org\/2000\/svg\" viewBox=\"0 0 1000 100\" preserveAspectRatio=\"none\">\n\t<path class=\"elementor-shape-fill\" d=\"M421.9,6.5c22.6-2.5,51.5,0.4,75.5,5.3c23.6,4.9,70.9,23.5,100.5,35.7c75.8,32.2,133.7,44.5,192.6,49.7\n\tc23.6,2.1,48.7,3.5,103.4-2.5c54.7-6,106.2-25.6,106.2-25.6V0H0v30.3c0,0,72,32.6,158.4,30.5c39.2-0.7,92.8-6.7,134-22.4\n\tc21.2-8.1,52.2-18.2,79.7-24.2C399.3,7.9,411.6,7.5,421.9,6.5z\"\/>\n<\/svg>\t\t<\/div>\n\t\t\t\t\t<div class=\"elementor-container elementor-column-gap-default\">\n\t\t\t\t\t<div class=\"elementor-column elementor-col-50 elementor-top-column elementor-element elementor-element-5bbec33 elementor-repeater-item-none elementor-repeater-item-none_hover\" data-id=\"5bbec33\" data-element_type=\"column\" data-e-type=\"column\" data-settings=\"{&quot;background_background&quot;:&quot;classic&quot;}\">\n\t\t\t<div class=\"elementor-widget-wrap elementor-element-populated\">\n\t\t\t\t\t\t<section class=\"elementor-section elementor-inner-section elementor-element elementor-element-ef079f0 elementor-section-boxed ang-section-padding-initial elementor-section-height-default elementor-section-height-default elementor-repeater-item-none elementor-repeater-item-none_hover\" data-id=\"ef079f0\" data-element_type=\"section\" data-e-type=\"section\">\n\t\t\t\t\t\t<div class=\"elementor-container elementor-column-gap-no\">\n\t\t\t\t\t<div class=\"elementor-column elementor-col-100 elementor-inner-column elementor-element elementor-element-f520a92 elementor-repeater-item-none elementor-repeater-item-none_hover\" data-id=\"f520a92\" data-element_type=\"column\" data-e-type=\"column\">\n\t\t\t<div class=\"elementor-widget-wrap elementor-element-populated\">\n\t\t\t\t\t\t<div class=\"elementor-element elementor-element-83c2d7b elementor-repeater-item-none elementor-repeater-item-none_hover elementor-widget elementor-widget-heading\" data-id=\"83c2d7b\" data-element_type=\"widget\" data-e-type=\"widget\" data-widget_type=\"heading.default\">\n\t\t\t\t<div class=\"elementor-widget-container\">\n\t\t\t\t\t<h6 class=\"elementor-heading-title elementor-size-default\">Eintrittspreisen<\/h6>\t\t\t\t<\/div>\n\t\t\t\t<\/div>\n\t\t\t\t\t<\/div>\n\t\t<\/div>\n\t\t\t\t\t<\/div>\n\t\t<\/section>\n\t\t\t\t<div class=\"elementor-element elementor-element-24a4306 elementor-repeater-item-none elementor-repeater-item-none_hover elementor-widget elementor-widget-text-editor\" data-id=\"24a4306\" data-element_type=\"widget\" data-e-type=\"widget\" data-widget_type=\"text-editor.default\">\n\t\t\t\t<div class=\"elementor-widget-container\">\n\t\t\t\t\t\t\t\t\t<table style=\"width: 100%;\"><tbody><tr><td style=\"width: 50%;\"><span style=\"font-weight: 400;\">Erwachsene<\/span><\/td><td style=\"text-align: right;\">\u20ac 16,50<\/td><\/tr><tr><td><span style=\"font-weight: 400;\">Kinder &lt; 17 Jahre\u00a0<\/span><\/td><td style=\"text-align: right;\">\u20ac 12,00<\/td><\/tr><tr><td><span style=\"font-weight: 400;\">Kinder &lt; 7 Jahre<\/span><\/td><td style=\"text-align: right;\"><span style=\"font-weight: 400;\">\u20ac 0,00<\/span><\/td><\/tr><tr><td>\u00a0<\/td><td style=\"text-align: right;\">\u00a0<\/td><\/tr><\/tbody><\/table>\t\t\t\t\t\t\t\t<\/div>\n\t\t\t\t<\/div>\n\t\t\t\t\t<\/div>\n\t\t<\/div>\n\t\t\t\t<div class=\"elementor-column elementor-col-50 elementor-top-column elementor-element elementor-element-63db41e elementor-repeater-item-none elementor-repeater-item-none_hover\" data-id=\"63db41e\" data-element_type=\"column\" data-e-type=\"column\" data-settings=\"{&quot;background_background&quot;:&quot;classic&quot;}\">\n\t\t\t<div class=\"elementor-widget-wrap elementor-element-populated\">\n\t\t\t\t\t\t<section class=\"elementor-section elementor-inner-section elementor-element elementor-element-84b352d elementor-section-boxed ang-section-padding-initial elementor-section-height-default elementor-section-height-default elementor-repeater-item-none elementor-repeater-item-none_hover\" data-id=\"84b352d\" data-element_type=\"section\" data-e-type=\"section\">\n\t\t\t\t\t\t<div class=\"elementor-container elementor-column-gap-no\">\n\t\t\t\t\t<div class=\"elementor-column elementor-col-100 elementor-inner-column elementor-element elementor-element-18fffde elementor-repeater-item-none elementor-repeater-item-none_hover\" data-id=\"18fffde\" data-element_type=\"column\" data-e-type=\"column\">\n\t\t\t<div class=\"elementor-widget-wrap elementor-element-populated\">\n\t\t\t\t\t\t<div class=\"elementor-element elementor-element-0025aa6 elementor-repeater-item-none elementor-repeater-item-none_hover elementor-widget elementor-widget-heading\" data-id=\"0025aa6\" data-element_type=\"widget\" data-e-type=\"widget\" data-widget_type=\"heading.default\">\n\t\t\t\t<div class=\"elementor-widget-container\">\n\t\t\t\t\t<h6 class=\"elementor-heading-title elementor-size-default\">Gruppe (min. 25 Personen)<\/h6>\t\t\t\t<\/div>\n\t\t\t\t<\/div>\n\t\t\t\t\t<\/div>\n\t\t<\/div>\n\t\t\t\t\t<\/div>\n\t\t<\/section>\n\t\t\t\t<div class=\"elementor-element elementor-element-f4d51e8 elementor-repeater-item-none elementor-repeater-item-none_hover elementor-widget elementor-widget-text-editor\" data-id=\"f4d51e8\" data-element_type=\"widget\" data-e-type=\"widget\" data-widget_type=\"text-editor.default\">\n\t\t\t\t<div class=\"elementor-widget-container\">\n\t\t\t\t\t\t\t\t\t<table style=\"width: 100%;\">\n<tbody>\n<tr>\n<td style=\"width: 50%;\"><span style=\"font-weight: 400;\">Erwachsene<\/span><\/td>\n<td style=\"text-align: right;\">\u20ac 16,00<\/td>\n<\/tr>\n<tr>\n<td><span style=\"font-weight: 400;\">Kinder &lt; 17 Jahre&nbsp;<\/span><\/td>\n<td style=\"text-align: right;\">\u20ac 11,00<\/td>\n<\/tr>\n<tr>\n<td><span style=\"font-weight: 400;\">Kinder &lt; 7 Jahre<\/span><\/td>\n<td style=\"text-align: right;\"><span style=\"font-weight: 400;\">\u20ac 0,00<\/span><\/td>\n<\/tr>\n<tr>\n<td>Guide<\/td>\n<td style=\"text-align: right;\">\u20ac 25,00 \/ \u20ac 30,00<\/td>\n<\/tr>\n<tr>\n<td>Reservation fee<br><\/td>\n<td style=\"text-align: right;\">\u20ac 15,00<\/td>\n<\/tr>\n<\/tbody>\n<\/table>\t\t\t\t\t\t\t\t<\/div>\n\t\t\t\t<\/div>\n\t\t\t\t\t<\/div>\n\t\t<\/div>\n\t\t\t\t\t<\/div>\n\t\t<\/section>\n\t\t\t\t<section class=\"elementor-section elementor-top-section elementor-element elementor-element-5c1ae34 elementor-section-boxed ang-section-padding-initial elementor-section-height-default elementor-section-height-default elementor-repeater-item-none elementor-repeater-item-none_hover\" data-id=\"5c1ae34\" data-element_type=\"section\" data-e-type=\"section\" data-settings=\"{&quot;background_background&quot;:&quot;classic&quot;,&quot;shape_divider_top&quot;:&quot;waves&quot;,&quot;shape_divider_bottom&quot;:&quot;waves&quot;,&quot;shape_divider_bottom_negative&quot;:&quot;yes&quot;}\">\n\t\t\t\t\t\t\t<div class=\"elementor-background-overlay\"><\/div>\n\t\t\t\t\t\t<div class=\"elementor-shape elementor-shape-top\" aria-hidden=\"true\" data-negative=\"false\">\n\t\t\t<svg xmlns=\"http:\/\/www.w3.org\/2000\/svg\" viewBox=\"0 0 1000 100\" preserveAspectRatio=\"none\">\n\t<path class=\"elementor-shape-fill\" d=\"M421.9,6.5c22.6-2.5,51.5,0.4,75.5,5.3c23.6,4.9,70.9,23.5,100.5,35.7c75.8,32.2,133.7,44.5,192.6,49.7\n\tc23.6,2.1,48.7,3.5,103.4-2.5c54.7-6,106.2-25.6,106.2-25.6V0H0v30.3c0,0,72,32.6,158.4,30.5c39.2-0.7,92.8-6.7,134-22.4\n\tc21.2-8.1,52.2-18.2,79.7-24.2C399.3,7.9,411.6,7.5,421.9,6.5z\"\/>\n<\/svg>\t\t<\/div>\n\t\t\t\t<div class=\"elementor-shape elementor-shape-bottom\" aria-hidden=\"true\" data-negative=\"true\">\n\t\t\t<svg xmlns=\"http:\/\/www.w3.org\/2000\/svg\" viewBox=\"0 0 1000 100\" preserveAspectRatio=\"none\">\n\t<path class=\"elementor-shape-fill\" d=\"M790.5,93.1c-59.3-5.3-116.8-18-192.6-50c-29.6-12.7-76.9-31-100.5-35.9c-23.6-4.9-52.6-7.8-75.5-5.3\n\tc-10.2,1.1-22.6,1.4-50.1,7.4c-27.2,6.3-58.2,16.6-79.4,24.7c-41.3,15.9-94.9,21.9-134,22.6C72,58.2,0,25.8,0,25.8V100h1000V65.3\n\tc0,0-51.5,19.4-106.2,25.7C839.5,97,814.1,95.2,790.5,93.1z\"\/>\n<\/svg>\t\t<\/div>\n\t\t\t\t\t<div class=\"elementor-container elementor-column-gap-default\">\n\t\t\t\t\t<div class=\"elementor-column elementor-col-50 elementor-top-column elementor-element elementor-element-ec95575 elementor-repeater-item-none elementor-repeater-item-none_hover\" data-id=\"ec95575\" data-element_type=\"column\" data-e-type=\"column\">\n\t\t\t<div class=\"elementor-widget-wrap elementor-element-populated\">\n\t\t\t\t\t\t<div class=\"elementor-element elementor-element-a97553f elementor-repeater-item-none elementor-repeater-item-none_hover elementor-widget elementor-widget-heading\" data-id=\"a97553f\" data-element_type=\"widget\" data-e-type=\"widget\" data-widget_type=\"heading.default\">\n\t\t\t\t<div class=\"elementor-widget-container\">\n\t\t\t\t\t<h3 class=\"elementor-heading-title elementor-size-default\">Tickets?<\/h3>\t\t\t\t<\/div>\n\t\t\t\t<\/div>\n\t\t\t\t<div class=\"elementor-element elementor-element-654a495 elementor-repeater-item-none elementor-repeater-item-none_hover elementor-widget elementor-widget-text-editor\" data-id=\"654a495\" data-element_type=\"widget\" data-e-type=\"widget\" data-widget_type=\"text-editor.default\">\n\t\t\t\t<div class=\"elementor-widget-container\">\n\t\t\t\t\t\t\t\t\t<p><span style=\"font-weight: 400;\">Lassen Sie sich von dem F\u00fchrer durch eine der \u00e4ltesten unterirdischen G\u00e4ngesysteme von Zuid-Limburg leiten.<\/span><\/p>\n\t\t\t\t\t\t\t\t<\/div>\n\t\t\t\t<\/div>\n\t\t\t\t<div class=\"elementor-element elementor-element-b9559f8 pp-buttons-valign-middle pp-buttons-halign-left pp-buttons-stack-none elementor-repeater-item-none elementor-repeater-item-none_hover elementor-widget elementor-widget-pp-buttons\" data-id=\"b9559f8\" data-element_type=\"widget\" data-e-type=\"widget\" data-widget_type=\"pp-buttons.default\">\n\t\t\t\t<div class=\"elementor-widget-container\">\n\t\t\t\t\t\t\t<div class=\"pp-buttons-group\">\n\t\t\t\t\t\t\t\t\t\t\t<a href=\"https:\/\/fluweelengrot.booqi.me\/\" target=\"_blank\" class=\"pp-button elementor-button elementor-size-sm elementor-repeater-item-28c5b13 \">\n\t\t\t\t\t<div class=\"pp-button-content-wrapper\">\n\t\t\t\t\t\t<span class=\"pp-button-content-inner pp-icon-after\">\n\t\t\t\t\t\t\t\n\t\t\t\t\t\t\t\t<span class=\"pp-button-title\">\n\t\t\t\t\t\t\t\t\tTickets kaufen\t\t\t\t\t\t\t\t<\/span>\n\t\t\t\t\t\t\t\t\t\t\t\t\t<\/span>\n\t\t\t\t\t<\/div>\n\t\t\t\t<\/a>\n\t\t\t\t\t\t\t\t\t\t<\/div>\t\t\t\t<\/div>\n\t\t\t\t<\/div>\n\t\t\t\t\t<\/div>\n\t\t<\/div>\n\t\t\t\t<div class=\"elementor-column elementor-col-50 elementor-top-column elementor-element elementor-element-b0fe240 elementor-repeater-item-none elementor-repeater-item-none_hover\" data-id=\"b0fe240\" data-element_type=\"column\" data-e-type=\"column\">\n\t\t\t<div class=\"elementor-widget-wrap\">\n\t\t\t\t\t\t\t<\/div>\n\t\t<\/div>\n\t\t\t\t\t<\/div>\n\t\t<\/section>\n\t\t\t\t<\/div>\n\t\t","protected":false},"excerpt":{"rendered":"<p>Eintrittspreisen Erwachsene \u20ac 16,50 Kinder &lt; 17 Jahre\u00a0 \u20ac 12,00 Kinder &lt; 7 Jahre \u20ac 0,00 \u00a0 \u00a0 Gruppe (min. 25 Personen) Erwachsene \u20ac 16,00 Kinder &lt; 17 Jahre&nbsp; \u20ac 11,00 Kinder &lt; 7 Jahre \u20ac 0,00 Guide \u20ac 25,00 \/ \u20ac 30,00 Reservation fee \u20ac 15,00 Tickets? Lassen Sie sich von dem F\u00fchrer durch [&hellip;]<\/p>\n","protected":false},"author":1,"featured_media":1580,"parent":1925,"menu_order":0,"comment_status":"closed","ping_status":"closed","template":"","meta":{"_acf_changed":false,"footnotes":""},"categories":[],"tags":[],"class_list":["post-1268","page","type-page","status-publish","has-post-thumbnail","hentry"],"acf":[],"yoast_head":"<!-- This site is optimized with the Yoast SEO plugin v27.5 - https:\/\/yoast.com\/product\/yoast-seo-wordpress\/ -->\n<title>Eintrittspreisen - Burgruine &amp; Fluweelengrotte<\/title>\n<meta name=\"description\" content=\"In Begleitung erhalten Sie eine F\u00fchrung durch die Fluweelengrotte. Durch die Fluchtg\u00e4nge endet die F\u00fchrung direkt auf der Schlossruine.\" \/>\n<meta name=\"robots\" content=\"index, follow, max-snippet:-1, max-image-preview:large, max-video-preview:-1\" \/>\n<link rel=\"canonical\" href=\"https:\/\/www.kasteelvalkenburg.nl\/de\/planen-sie-ihren-besuch\/eintrittspreisen\/\" \/>\n<meta property=\"og:locale\" content=\"de_DE\" \/>\n<meta property=\"og:type\" content=\"article\" \/>\n<meta property=\"og:title\" content=\"Eintrittspreisen - Burgruine &amp; Fluweelengrotte\" \/>\n<meta property=\"og:description\" content=\"In Begleitung erhalten Sie eine F\u00fchrung durch die Fluweelengrotte. Durch die Fluchtg\u00e4nge endet die F\u00fchrung direkt auf der Schlossruine.\" \/>\n<meta property=\"og:url\" content=\"https:\/\/www.kasteelvalkenburg.nl\/de\/planen-sie-ihren-besuch\/eintrittspreisen\/\" \/>\n<meta property=\"og:site_name\" content=\"Burgruine &amp; Fluweelengrotte\" \/>\n<meta property=\"article:publisher\" content=\"https:\/\/www.facebook.com\/Fluweelengrot\" \/>\n<meta property=\"article:modified_time\" content=\"2024-12-28T14:53:28+00:00\" \/>\n<meta property=\"og:image\" content=\"https:\/\/www.kasteelvalkenburg.nl\/wp-content\/uploads\/2020\/10\/Kasteelgrot-SEO.jpg\" \/>\n<meta name=\"twitter:card\" content=\"summary_large_image\" \/>\n<meta name=\"twitter:image\" content=\"https:\/\/www.kasteelvalkenburg.nl\/wp-content\/uploads\/2020\/10\/Kasteelgrot-SEO.jpg\" \/>\n<meta name=\"twitter:label1\" content=\"Gesch\u00e4tzte Lesezeit\" \/>\n\t<meta name=\"twitter:data1\" content=\"1\u00a0Minute\" \/>\n<script type=\"application\/ld+json\" class=\"yoast-schema-graph\">{\"@context\":\"https:\\\/\\\/schema.org\",\"@graph\":[{\"@type\":\"WebPage\",\"@id\":\"https:\\\/\\\/www.kasteelvalkenburg.nl\\\/de\\\/planen-sie-ihren-besuch\\\/eintrittspreisen\\\/\",\"url\":\"https:\\\/\\\/www.kasteelvalkenburg.nl\\\/de\\\/planen-sie-ihren-besuch\\\/eintrittspreisen\\\/\",\"name\":\"Eintrittspreisen - Burgruine &amp; Fluweelengrotte\",\"isPartOf\":{\"@id\":\"https:\\\/\\\/www.kasteelvalkenburg.nl\\\/de\\\/#website\"},\"primaryImageOfPage\":{\"@id\":\"https:\\\/\\\/www.kasteelvalkenburg.nl\\\/de\\\/planen-sie-ihren-besuch\\\/eintrittspreisen\\\/#primaryimage\"},\"image\":{\"@id\":\"https:\\\/\\\/www.kasteelvalkenburg.nl\\\/de\\\/planen-sie-ihren-besuch\\\/eintrittspreisen\\\/#primaryimage\"},\"thumbnailUrl\":\"https:\\\/\\\/www.kasteelvalkenburg.nl\\\/wp-content\\\/uploads\\\/2020\\\/11\\\/Kasteelgrot-Fluweelengrot_Ticketinformatie.jpg\",\"datePublished\":\"2020-09-15T08:39:37+00:00\",\"dateModified\":\"2024-12-28T14:53:28+00:00\",\"description\":\"In Begleitung erhalten Sie eine F\u00fchrung durch die Fluweelengrotte. Durch die Fluchtg\u00e4nge endet die F\u00fchrung direkt auf der Schlossruine.\",\"breadcrumb\":{\"@id\":\"https:\\\/\\\/www.kasteelvalkenburg.nl\\\/de\\\/planen-sie-ihren-besuch\\\/eintrittspreisen\\\/#breadcrumb\"},\"inLanguage\":\"de\",\"potentialAction\":[{\"@type\":\"ReadAction\",\"target\":[\"https:\\\/\\\/www.kasteelvalkenburg.nl\\\/de\\\/planen-sie-ihren-besuch\\\/eintrittspreisen\\\/\"]}]},{\"@type\":\"ImageObject\",\"inLanguage\":\"de\",\"@id\":\"https:\\\/\\\/www.kasteelvalkenburg.nl\\\/de\\\/planen-sie-ihren-besuch\\\/eintrittspreisen\\\/#primaryimage\",\"url\":\"https:\\\/\\\/www.kasteelvalkenburg.nl\\\/wp-content\\\/uploads\\\/2020\\\/11\\\/Kasteelgrot-Fluweelengrot_Ticketinformatie.jpg\",\"contentUrl\":\"https:\\\/\\\/www.kasteelvalkenburg.nl\\\/wp-content\\\/uploads\\\/2020\\\/11\\\/Kasteelgrot-Fluweelengrot_Ticketinformatie.jpg\",\"width\":1440,\"height\":662,\"caption\":\"Het uitzicht vanaf de Kasteelruine in Valkenburg\"},{\"@type\":\"BreadcrumbList\",\"@id\":\"https:\\\/\\\/www.kasteelvalkenburg.nl\\\/de\\\/planen-sie-ihren-besuch\\\/eintrittspreisen\\\/#breadcrumb\",\"itemListElement\":[{\"@type\":\"ListItem\",\"position\":1,\"name\":\"Home\",\"item\":\"https:\\\/\\\/www.kasteelvalkenburg.nl\\\/de\\\/\"},{\"@type\":\"ListItem\",\"position\":2,\"name\":\"Planen Sie Ihren Besuch\",\"item\":\"https:\\\/\\\/www.kasteelvalkenburg.nl\\\/de\\\/planen-sie-ihren-besuch\\\/\"},{\"@type\":\"ListItem\",\"position\":3,\"name\":\"Eintrittspreisen\"}]},{\"@type\":\"WebSite\",\"@id\":\"https:\\\/\\\/www.kasteelvalkenburg.nl\\\/de\\\/#website\",\"url\":\"https:\\\/\\\/www.kasteelvalkenburg.nl\\\/de\\\/\",\"name\":\"Burgruine &amp; Fluweelengrotte\",\"description\":\"Eine Geschichte von Mergel und Macht\",\"publisher\":{\"@id\":\"https:\\\/\\\/www.kasteelvalkenburg.nl\\\/de\\\/#organization\"},\"potentialAction\":[{\"@type\":\"SearchAction\",\"target\":{\"@type\":\"EntryPoint\",\"urlTemplate\":\"https:\\\/\\\/www.kasteelvalkenburg.nl\\\/de\\\/?s={search_term_string}\"},\"query-input\":{\"@type\":\"PropertyValueSpecification\",\"valueRequired\":true,\"valueName\":\"search_term_string\"}}],\"inLanguage\":\"de\"},{\"@type\":\"Organization\",\"@id\":\"https:\\\/\\\/www.kasteelvalkenburg.nl\\\/de\\\/#organization\",\"name\":\"Kasteelru\u00efne en Fluweelengrot Valkenburg\",\"url\":\"https:\\\/\\\/www.kasteelvalkenburg.nl\\\/de\\\/\",\"logo\":{\"@type\":\"ImageObject\",\"inLanguage\":\"de\",\"@id\":\"https:\\\/\\\/www.kasteelvalkenburg.nl\\\/de\\\/#\\\/schema\\\/logo\\\/image\\\/\",\"url\":\"https:\\\/\\\/www.kasteelvalkenburg.nl\\\/wp-content\\\/uploads\\\/2021\\\/04\\\/Kasteelruine-Fluweelengrot-Valkenburg.jpg\",\"contentUrl\":\"https:\\\/\\\/www.kasteelvalkenburg.nl\\\/wp-content\\\/uploads\\\/2021\\\/04\\\/Kasteelruine-Fluweelengrot-Valkenburg.jpg\",\"width\":750,\"height\":335,\"caption\":\"Kasteelru\u00efne en Fluweelengrot Valkenburg\"},\"image\":{\"@id\":\"https:\\\/\\\/www.kasteelvalkenburg.nl\\\/de\\\/#\\\/schema\\\/logo\\\/image\\\/\"},\"sameAs\":[\"https:\\\/\\\/www.facebook.com\\\/Fluweelengrot\",\"https:\\\/\\\/www.instagram.com\\\/kasteelruinefluweelengrot\\\/\",\"https:\\\/\\\/www.youtube.com\\\/channel\\\/UCMUvazDASB5LKG9-9gWyAiA\",\"https:\\\/\\\/nl.wikipedia.org\\\/wiki\\\/Fluweelengrot\"]}]}<\/script>\n<!-- \/ Yoast SEO plugin. -->","yoast_head_json":{"title":"Eintrittspreisen - Burgruine &amp; Fluweelengrotte","description":"In Begleitung erhalten Sie eine F\u00fchrung durch die Fluweelengrotte. Durch die Fluchtg\u00e4nge endet die F\u00fchrung direkt auf der Schlossruine.","robots":{"index":"index","follow":"follow","max-snippet":"max-snippet:-1","max-image-preview":"max-image-preview:large","max-video-preview":"max-video-preview:-1"},"canonical":"https:\/\/www.kasteelvalkenburg.nl\/de\/planen-sie-ihren-besuch\/eintrittspreisen\/","og_locale":"de_DE","og_type":"article","og_title":"Eintrittspreisen - Burgruine &amp; Fluweelengrotte","og_description":"In Begleitung erhalten Sie eine F\u00fchrung durch die Fluweelengrotte. Durch die Fluchtg\u00e4nge endet die F\u00fchrung direkt auf der Schlossruine.","og_url":"https:\/\/www.kasteelvalkenburg.nl\/de\/planen-sie-ihren-besuch\/eintrittspreisen\/","og_site_name":"Burgruine &amp; Fluweelengrotte","article_publisher":"https:\/\/www.facebook.com\/Fluweelengrot","article_modified_time":"2024-12-28T14:53:28+00:00","og_image":[{"url":"https:\/\/www.kasteelvalkenburg.nl\/wp-content\/uploads\/2020\/10\/Kasteelgrot-SEO.jpg","type":"","width":"","height":""}],"twitter_card":"summary_large_image","twitter_image":"https:\/\/www.kasteelvalkenburg.nl\/wp-content\/uploads\/2020\/10\/Kasteelgrot-SEO.jpg","twitter_misc":{"Gesch\u00e4tzte Lesezeit":"1\u00a0Minute"},"schema":{"@context":"https:\/\/schema.org","@graph":[{"@type":"WebPage","@id":"https:\/\/www.kasteelvalkenburg.nl\/de\/planen-sie-ihren-besuch\/eintrittspreisen\/","url":"https:\/\/www.kasteelvalkenburg.nl\/de\/planen-sie-ihren-besuch\/eintrittspreisen\/","name":"Eintrittspreisen - Burgruine &amp; Fluweelengrotte","isPartOf":{"@id":"https:\/\/www.kasteelvalkenburg.nl\/de\/#website"},"primaryImageOfPage":{"@id":"https:\/\/www.kasteelvalkenburg.nl\/de\/planen-sie-ihren-besuch\/eintrittspreisen\/#primaryimage"},"image":{"@id":"https:\/\/www.kasteelvalkenburg.nl\/de\/planen-sie-ihren-besuch\/eintrittspreisen\/#primaryimage"},"thumbnailUrl":"https:\/\/www.kasteelvalkenburg.nl\/wp-content\/uploads\/2020\/11\/Kasteelgrot-Fluweelengrot_Ticketinformatie.jpg","datePublished":"2020-09-15T08:39:37+00:00","dateModified":"2024-12-28T14:53:28+00:00","description":"In Begleitung erhalten Sie eine F\u00fchrung durch die Fluweelengrotte. Durch die Fluchtg\u00e4nge endet die F\u00fchrung direkt auf der Schlossruine.","breadcrumb":{"@id":"https:\/\/www.kasteelvalkenburg.nl\/de\/planen-sie-ihren-besuch\/eintrittspreisen\/#breadcrumb"},"inLanguage":"de","potentialAction":[{"@type":"ReadAction","target":["https:\/\/www.kasteelvalkenburg.nl\/de\/planen-sie-ihren-besuch\/eintrittspreisen\/"]}]},{"@type":"ImageObject","inLanguage":"de","@id":"https:\/\/www.kasteelvalkenburg.nl\/de\/planen-sie-ihren-besuch\/eintrittspreisen\/#primaryimage","url":"https:\/\/www.kasteelvalkenburg.nl\/wp-content\/uploads\/2020\/11\/Kasteelgrot-Fluweelengrot_Ticketinformatie.jpg","contentUrl":"https:\/\/www.kasteelvalkenburg.nl\/wp-content\/uploads\/2020\/11\/Kasteelgrot-Fluweelengrot_Ticketinformatie.jpg","width":1440,"height":662,"caption":"Het uitzicht vanaf de Kasteelruine in Valkenburg"},{"@type":"BreadcrumbList","@id":"https:\/\/www.kasteelvalkenburg.nl\/de\/planen-sie-ihren-besuch\/eintrittspreisen\/#breadcrumb","itemListElement":[{"@type":"ListItem","position":1,"name":"Home","item":"https:\/\/www.kasteelvalkenburg.nl\/de\/"},{"@type":"ListItem","position":2,"name":"Planen Sie Ihren Besuch","item":"https:\/\/www.kasteelvalkenburg.nl\/de\/planen-sie-ihren-besuch\/"},{"@type":"ListItem","position":3,"name":"Eintrittspreisen"}]},{"@type":"WebSite","@id":"https:\/\/www.kasteelvalkenburg.nl\/de\/#website","url":"https:\/\/www.kasteelvalkenburg.nl\/de\/","name":"Burgruine &amp; Fluweelengrotte","description":"Eine Geschichte von Mergel und Macht","publisher":{"@id":"https:\/\/www.kasteelvalkenburg.nl\/de\/#organization"},"potentialAction":[{"@type":"SearchAction","target":{"@type":"EntryPoint","urlTemplate":"https:\/\/www.kasteelvalkenburg.nl\/de\/?s={search_term_string}"},"query-input":{"@type":"PropertyValueSpecification","valueRequired":true,"valueName":"search_term_string"}}],"inLanguage":"de"},{"@type":"Organization","@id":"https:\/\/www.kasteelvalkenburg.nl\/de\/#organization","name":"Kasteelru\u00efne en Fluweelengrot Valkenburg","url":"https:\/\/www.kasteelvalkenburg.nl\/de\/","logo":{"@type":"ImageObject","inLanguage":"de","@id":"https:\/\/www.kasteelvalkenburg.nl\/de\/#\/schema\/logo\/image\/","url":"https:\/\/www.kasteelvalkenburg.nl\/wp-content\/uploads\/2021\/04\/Kasteelruine-Fluweelengrot-Valkenburg.jpg","contentUrl":"https:\/\/www.kasteelvalkenburg.nl\/wp-content\/uploads\/2021\/04\/Kasteelruine-Fluweelengrot-Valkenburg.jpg","width":750,"height":335,"caption":"Kasteelru\u00efne en Fluweelengrot Valkenburg"},"image":{"@id":"https:\/\/www.kasteelvalkenburg.nl\/de\/#\/schema\/logo\/image\/"},"sameAs":["https:\/\/www.facebook.com\/Fluweelengrot","https:\/\/www.instagram.com\/kasteelruinefluweelengrot\/","https:\/\/www.youtube.com\/channel\/UCMUvazDASB5LKG9-9gWyAiA","https:\/\/nl.wikipedia.org\/wiki\/Fluweelengrot"]}]}},"_links":{"self":[{"href":"https:\/\/www.kasteelvalkenburg.nl\/de\/wp-json\/wp\/v2\/pages\/1268","targetHints":{"allow":["GET"]}}],"collection":[{"href":"https:\/\/www.kasteelvalkenburg.nl\/de\/wp-json\/wp\/v2\/pages"}],"about":[{"href":"https:\/\/www.kasteelvalkenburg.nl\/de\/wp-json\/wp\/v2\/types\/page"}],"author":[{"embeddable":true,"href":"https:\/\/www.kasteelvalkenburg.nl\/de\/wp-json\/wp\/v2\/users\/1"}],"replies":[{"embeddable":true,"href":"https:\/\/www.kasteelvalkenburg.nl\/de\/wp-json\/wp\/v2\/comments?post=1268"}],"version-history":[{"count":15,"href":"https:\/\/www.kasteelvalkenburg.nl\/de\/wp-json\/wp\/v2\/pages\/1268\/revisions"}],"predecessor-version":[{"id":108561,"href":"https:\/\/www.kasteelvalkenburg.nl\/de\/wp-json\/wp\/v2\/pages\/1268\/revisions\/108561"}],"up":[{"embeddable":true,"href":"https:\/\/www.kasteelvalkenburg.nl\/de\/wp-json\/wp\/v2\/pages\/1925"}],"wp:featuredmedia":[{"embeddable":true,"href":"https:\/\/www.kasteelvalkenburg.nl\/de\/wp-json\/wp\/v2\/media\/1580"}],"wp:attachment":[{"href":"https:\/\/www.kasteelvalkenburg.nl\/de\/wp-json\/wp\/v2\/media?parent=1268"}],"wp:term":[{"taxonomy":"category","embeddable":true,"href":"https:\/\/www.kasteelvalkenburg.nl\/de\/wp-json\/wp\/v2\/categories?post=1268"},{"taxonomy":"post_tag","embeddable":true,"href":"https:\/\/www.kasteelvalkenburg.nl\/de\/wp-json\/wp\/v2\/tags?post=1268"}],"curies":[{"name":"wp","href":"https:\/\/api.w.org\/{rel}","templated":true}]}}