{"id":1266,"date":"2020-09-15T10:37:30","date_gmt":"2020-09-15T08:37:30","guid":{"rendered":"https:\/\/www.kasteelvalkenburg.nl\/tarifs\/"},"modified":"2024-12-28T16:10:55","modified_gmt":"2024-12-28T15:10:55","slug":"tarifs","status":"publish","type":"page","link":"https:\/\/www.kasteelvalkenburg.nl\/fr\/planifiez-votre-visite\/tarifs\/","title":{"rendered":"Tarifs"},"content":{"rendered":"\t\t<div data-elementor-type=\"wp-page\" data-elementor-id=\"1266\" class=\"elementor elementor-1266 elementor-55\" data-elementor-post-type=\"page\">\n\t\t\t\t\t\t<section class=\"elementor-section elementor-top-section elementor-element elementor-element-58d378e elementor-section-boxed ang-section-padding-initial elementor-section-height-default elementor-section-height-default elementor-repeater-item-none elementor-repeater-item-none_hover\" data-id=\"58d378e\" data-element_type=\"section\" data-e-type=\"section\" data-settings=\"{&quot;background_background&quot;:&quot;classic&quot;,&quot;shape_divider_top&quot;:&quot;waves&quot;}\">\n\t\t\t\t\t<div class=\"elementor-shape elementor-shape-top\" aria-hidden=\"true\" data-negative=\"false\">\n\t\t\t<svg xmlns=\"http:\/\/www.w3.org\/2000\/svg\" viewBox=\"0 0 1000 100\" preserveAspectRatio=\"none\">\n\t<path class=\"elementor-shape-fill\" d=\"M421.9,6.5c22.6-2.5,51.5,0.4,75.5,5.3c23.6,4.9,70.9,23.5,100.5,35.7c75.8,32.2,133.7,44.5,192.6,49.7\n\tc23.6,2.1,48.7,3.5,103.4-2.5c54.7-6,106.2-25.6,106.2-25.6V0H0v30.3c0,0,72,32.6,158.4,30.5c39.2-0.7,92.8-6.7,134-22.4\n\tc21.2-8.1,52.2-18.2,79.7-24.2C399.3,7.9,411.6,7.5,421.9,6.5z\"\/>\n<\/svg>\t\t<\/div>\n\t\t\t\t\t<div class=\"elementor-container elementor-column-gap-default\">\n\t\t\t\t\t<div class=\"elementor-column elementor-col-50 elementor-top-column elementor-element elementor-element-5bbec33 elementor-repeater-item-none elementor-repeater-item-none_hover\" data-id=\"5bbec33\" data-element_type=\"column\" data-e-type=\"column\" data-settings=\"{&quot;background_background&quot;:&quot;classic&quot;}\">\n\t\t\t<div class=\"elementor-widget-wrap elementor-element-populated\">\n\t\t\t\t\t\t<section class=\"elementor-section elementor-inner-section elementor-element elementor-element-ef079f0 elementor-section-boxed ang-section-padding-initial elementor-section-height-default elementor-section-height-default elementor-repeater-item-none elementor-repeater-item-none_hover\" data-id=\"ef079f0\" data-element_type=\"section\" data-e-type=\"section\">\n\t\t\t\t\t\t<div class=\"elementor-container elementor-column-gap-no\">\n\t\t\t\t\t<div class=\"elementor-column elementor-col-100 elementor-inner-column elementor-element elementor-element-f520a92 elementor-repeater-item-none elementor-repeater-item-none_hover\" data-id=\"f520a92\" data-element_type=\"column\" data-e-type=\"column\">\n\t\t\t<div class=\"elementor-widget-wrap elementor-element-populated\">\n\t\t\t\t\t\t<div class=\"elementor-element elementor-element-83c2d7b elementor-repeater-item-none elementor-repeater-item-none_hover elementor-widget elementor-widget-heading\" data-id=\"83c2d7b\" data-element_type=\"widget\" data-e-type=\"widget\" data-widget_type=\"heading.default\">\n\t\t\t\t<div class=\"elementor-widget-container\">\n\t\t\t\t\t<h6 class=\"elementor-heading-title elementor-size-default\">Tarifs<\/h6>\t\t\t\t<\/div>\n\t\t\t\t<\/div>\n\t\t\t\t\t<\/div>\n\t\t<\/div>\n\t\t\t\t\t<\/div>\n\t\t<\/section>\n\t\t\t\t<div class=\"elementor-element elementor-element-24a4306 elementor-repeater-item-none elementor-repeater-item-none_hover elementor-widget elementor-widget-text-editor\" data-id=\"24a4306\" data-element_type=\"widget\" data-e-type=\"widget\" data-widget_type=\"text-editor.default\">\n\t\t\t\t<div class=\"elementor-widget-container\">\n\t\t\t\t\t\t\t\t\t<table style=\"width: 100%;\"><tbody><tr><td style=\"width: 50%;\"><span style=\"font-weight: 400;\">Adultes\u00a0<\/span><\/td><td style=\"text-align: right;\">\u20ac 16,50<\/td><\/tr><tr><td><span style=\"font-weight: 400;\">Enfants &lt; 16 ans<\/span><\/td><td style=\"text-align: right;\">\u20ac 12,00<\/td><\/tr><tr><td><span style=\"font-weight: 400;\">Children &lt; 6 ans<\/span><\/td><td style=\"text-align: right;\"><span style=\"font-weight: 400;\">\u20ac 0,00<\/span><\/td><\/tr><tr><td>\u00a0<\/td><td style=\"text-align: right;\">\u00a0<\/td><\/tr><\/tbody><\/table>\t\t\t\t\t\t\t\t<\/div>\n\t\t\t\t<\/div>\n\t\t\t\t\t<\/div>\n\t\t<\/div>\n\t\t\t\t<div class=\"elementor-column elementor-col-50 elementor-top-column elementor-element elementor-element-63db41e elementor-repeater-item-none elementor-repeater-item-none_hover\" data-id=\"63db41e\" data-element_type=\"column\" data-e-type=\"column\" data-settings=\"{&quot;background_background&quot;:&quot;classic&quot;}\">\n\t\t\t<div class=\"elementor-widget-wrap elementor-element-populated\">\n\t\t\t\t\t\t<section class=\"elementor-section elementor-inner-section elementor-element elementor-element-84b352d elementor-section-boxed ang-section-padding-initial elementor-section-height-default elementor-section-height-default elementor-repeater-item-none elementor-repeater-item-none_hover\" data-id=\"84b352d\" data-element_type=\"section\" data-e-type=\"section\">\n\t\t\t\t\t\t<div class=\"elementor-container elementor-column-gap-no\">\n\t\t\t\t\t<div class=\"elementor-column elementor-col-100 elementor-inner-column elementor-element elementor-element-18fffde elementor-repeater-item-none elementor-repeater-item-none_hover\" data-id=\"18fffde\" data-element_type=\"column\" data-e-type=\"column\">\n\t\t\t<div class=\"elementor-widget-wrap elementor-element-populated\">\n\t\t\t\t\t\t<div class=\"elementor-element elementor-element-0025aa6 elementor-repeater-item-none elementor-repeater-item-none_hover elementor-widget elementor-widget-heading\" data-id=\"0025aa6\" data-element_type=\"widget\" data-e-type=\"widget\" data-widget_type=\"heading.default\">\n\t\t\t\t<div class=\"elementor-widget-container\">\n\t\t\t\t\t<h6 class=\"elementor-heading-title elementor-size-default\">Groupes<\/h6>\t\t\t\t<\/div>\n\t\t\t\t<\/div>\n\t\t\t\t\t<\/div>\n\t\t<\/div>\n\t\t\t\t\t<\/div>\n\t\t<\/section>\n\t\t\t\t<div class=\"elementor-element elementor-element-f4d51e8 elementor-repeater-item-none elementor-repeater-item-none_hover elementor-widget elementor-widget-text-editor\" data-id=\"f4d51e8\" data-element_type=\"widget\" data-e-type=\"widget\" data-widget_type=\"text-editor.default\">\n\t\t\t\t<div class=\"elementor-widget-container\">\n\t\t\t\t\t\t\t\t\t<table style=\"width: 100%;\">\n<tbody>\n<tr>\n<td style=\"width: 50%;\"><span style=\"font-weight: 400;\">Adultes<\/span><\/td>\n<td style=\"text-align: right;\">\u20ac 16,00<\/td>\n<\/tr>\n<tr>\n<td><span style=\"font-weight: 400;\">Enfants &lt; 16 ans&nbsp;<\/span><\/td>\n<td style=\"text-align: right;\">\u20ac 11,00<\/td>\n<\/tr>\n<tr>\n<td><span style=\"font-weight: 400;\"><span style=\"font-weight: 400;\">Enfants<\/span> &lt; 6 ans<\/span><\/td>\n<td style=\"text-align: right;\">gratuit<\/td>\n<\/tr>\n<tr>\n<td>Guide<\/td>\n<td style=\"text-align: right;\">\u20ac 25,00 \/ \u20ac 30,00<\/td>\n<\/tr>\n<tr>\n<td>Reservation fee<\/td>\n<td style=\"text-align: right;\">\u20ac 15,00<\/td>\n<\/tr>\n<\/tbody>\n<\/table>\t\t\t\t\t\t\t\t<\/div>\n\t\t\t\t<\/div>\n\t\t\t\t\t<\/div>\n\t\t<\/div>\n\t\t\t\t\t<\/div>\n\t\t<\/section>\n\t\t\t\t<section class=\"elementor-section elementor-top-section elementor-element elementor-element-6851d98 elementor-section-boxed ang-section-padding-initial elementor-section-height-default elementor-section-height-default elementor-repeater-item-none elementor-repeater-item-none_hover\" data-id=\"6851d98\" data-element_type=\"section\" data-e-type=\"section\" data-settings=\"{&quot;background_background&quot;:&quot;classic&quot;,&quot;shape_divider_top&quot;:&quot;waves&quot;,&quot;shape_divider_bottom&quot;:&quot;waves&quot;,&quot;shape_divider_bottom_negative&quot;:&quot;yes&quot;}\">\n\t\t\t\t\t\t\t<div class=\"elementor-background-overlay\"><\/div>\n\t\t\t\t\t\t<div class=\"elementor-shape elementor-shape-top\" aria-hidden=\"true\" data-negative=\"false\">\n\t\t\t<svg xmlns=\"http:\/\/www.w3.org\/2000\/svg\" viewBox=\"0 0 1000 100\" preserveAspectRatio=\"none\">\n\t<path class=\"elementor-shape-fill\" d=\"M421.9,6.5c22.6-2.5,51.5,0.4,75.5,5.3c23.6,4.9,70.9,23.5,100.5,35.7c75.8,32.2,133.7,44.5,192.6,49.7\n\tc23.6,2.1,48.7,3.5,103.4-2.5c54.7-6,106.2-25.6,106.2-25.6V0H0v30.3c0,0,72,32.6,158.4,30.5c39.2-0.7,92.8-6.7,134-22.4\n\tc21.2-8.1,52.2-18.2,79.7-24.2C399.3,7.9,411.6,7.5,421.9,6.5z\"\/>\n<\/svg>\t\t<\/div>\n\t\t\t\t<div class=\"elementor-shape elementor-shape-bottom\" aria-hidden=\"true\" data-negative=\"true\">\n\t\t\t<svg xmlns=\"http:\/\/www.w3.org\/2000\/svg\" viewBox=\"0 0 1000 100\" preserveAspectRatio=\"none\">\n\t<path class=\"elementor-shape-fill\" d=\"M790.5,93.1c-59.3-5.3-116.8-18-192.6-50c-29.6-12.7-76.9-31-100.5-35.9c-23.6-4.9-52.6-7.8-75.5-5.3\n\tc-10.2,1.1-22.6,1.4-50.1,7.4c-27.2,6.3-58.2,16.6-79.4,24.7c-41.3,15.9-94.9,21.9-134,22.6C72,58.2,0,25.8,0,25.8V100h1000V65.3\n\tc0,0-51.5,19.4-106.2,25.7C839.5,97,814.1,95.2,790.5,93.1z\"\/>\n<\/svg>\t\t<\/div>\n\t\t\t\t\t<div class=\"elementor-container elementor-column-gap-default\">\n\t\t\t\t\t<div class=\"elementor-column elementor-col-50 elementor-top-column elementor-element elementor-element-8c38942 elementor-repeater-item-none elementor-repeater-item-none_hover\" data-id=\"8c38942\" data-element_type=\"column\" data-e-type=\"column\">\n\t\t\t<div class=\"elementor-widget-wrap elementor-element-populated\">\n\t\t\t\t\t\t<div class=\"elementor-element elementor-element-ef2ddef elementor-repeater-item-none elementor-repeater-item-none_hover elementor-widget elementor-widget-heading\" data-id=\"ef2ddef\" data-element_type=\"widget\" data-e-type=\"widget\" data-widget_type=\"heading.default\">\n\t\t\t\t<div class=\"elementor-widget-container\">\n\t\t\t\t\t<h3 class=\"elementor-heading-title elementor-size-default\">Grotte de Velours<\/h3>\t\t\t\t<\/div>\n\t\t\t\t<\/div>\n\t\t\t\t<div class=\"elementor-element elementor-element-3914a9f elementor-repeater-item-none elementor-repeater-item-none_hover elementor-widget elementor-widget-text-editor\" data-id=\"3914a9f\" data-element_type=\"widget\" data-e-type=\"widget\" data-widget_type=\"text-editor.default\">\n\t\t\t\t<div class=\"elementor-widget-container\">\n\t\t\t\t\t\t\t\t\t<p><span style=\"font-weight: 400;\">La marne a \u00e9t\u00e9 exploit\u00e9e par les carriers qui d\u00e9coupaient les blocs de marne \u00e0 la scie pour la construction notamment du Ch\u00e2teau de Valkenburg. Dans la Grotte de Velours, il y a une temp\u00e9rature constante de 12 degr\u00e9s.<\/span><\/p>\n\t\t\t\t\t\t\t\t<\/div>\n\t\t\t\t<\/div>\n\t\t\t\t<div class=\"elementor-element elementor-element-d064d8e pp-buttons-valign-middle pp-buttons-halign-left pp-buttons-stack-none elementor-repeater-item-none elementor-repeater-item-none_hover elementor-widget elementor-widget-pp-buttons\" data-id=\"d064d8e\" data-element_type=\"widget\" data-e-type=\"widget\" data-widget_type=\"pp-buttons.default\">\n\t\t\t\t<div class=\"elementor-widget-container\">\n\t\t\t\t\t\t\t<div class=\"pp-buttons-group\">\n\t\t\t\t\t\t\t\t\t\t\t<a href=\"https:\/\/fluweelengrot.booqi.me\/\" target=\"_blank\" class=\"pp-button elementor-button elementor-size-sm elementor-repeater-item-28c5b13 \">\n\t\t\t\t\t<div class=\"pp-button-content-wrapper\">\n\t\t\t\t\t\t<span class=\"pp-button-content-inner pp-icon-after\">\n\t\t\t\t\t\t\t\n\t\t\t\t\t\t\t\t<span class=\"pp-button-title\">\n\t\t\t\t\t\t\t\t\tAchetez vos billets\t\t\t\t\t\t\t\t<\/span>\n\t\t\t\t\t\t\t\t\t\t\t\t\t<\/span>\n\t\t\t\t\t<\/div>\n\t\t\t\t<\/a>\n\t\t\t\t\t\t\t\t\t\t<\/div>\t\t\t\t<\/div>\n\t\t\t\t<\/div>\n\t\t\t\t\t<\/div>\n\t\t<\/div>\n\t\t\t\t<div class=\"elementor-column elementor-col-50 elementor-top-column elementor-element elementor-element-9dadd52 elementor-repeater-item-none elementor-repeater-item-none_hover\" data-id=\"9dadd52\" data-element_type=\"column\" data-e-type=\"column\">\n\t\t\t<div class=\"elementor-widget-wrap\">\n\t\t\t\t\t\t\t<\/div>\n\t\t<\/div>\n\t\t\t\t\t<\/div>\n\t\t<\/section>\n\t\t\t\t<\/div>\n\t\t","protected":false},"excerpt":{"rendered":"<p>Tarifs Adultes\u00a0 \u20ac 16,50 Enfants &lt; 16 ans \u20ac 12,00 Children &lt; 6 ans \u20ac 0,00 \u00a0 \u00a0 Groupes Adultes \u20ac 16,00 Enfants &lt; 16 ans&nbsp; \u20ac 11,00 Enfants &lt; 6 ans gratuit Guide \u20ac 25,00 \/ \u20ac 30,00 Reservation fee \u20ac 15,00 Grotte de Velours La marne a \u00e9t\u00e9 exploit\u00e9e par les carriers qui [&hellip;]<\/p>\n","protected":false},"author":1,"featured_media":1579,"parent":1928,"menu_order":0,"comment_status":"closed","ping_status":"closed","template":"","meta":{"_acf_changed":false,"footnotes":""},"categories":[],"tags":[],"class_list":["post-1266","page","type-page","status-publish","has-post-thumbnail","hentry"],"acf":[],"yoast_head":"<!-- This site is optimized with the Yoast SEO plugin v27.5 - https:\/\/yoast.com\/product\/yoast-seo-wordpress\/ -->\n<title>Tarifs - Kasteelru\u00efne &amp; Fluweelengrot<\/title>\n<meta name=\"robots\" content=\"index, follow, max-snippet:-1, max-image-preview:large, max-video-preview:-1\" \/>\n<link rel=\"canonical\" href=\"https:\/\/www.kasteelvalkenburg.nl\/fr\/planifiez-votre-visite\/tarifs\/\" \/>\n<meta property=\"og:locale\" content=\"fr_FR\" \/>\n<meta property=\"og:type\" content=\"article\" \/>\n<meta property=\"og:title\" content=\"Tarifs - Kasteelru\u00efne &amp; Fluweelengrot\" \/>\n<meta property=\"og:description\" content=\"Tarifs Adultes\u00a0 \u20ac 16,50 Enfants &lt; 16 ans \u20ac 12,00 Children &lt; 6 ans \u20ac 0,00 \u00a0 \u00a0 Groupes Adultes \u20ac 16,00 Enfants &lt; 16 ans&nbsp; \u20ac 11,00 Enfants &lt; 6 ans gratuit Guide \u20ac 25,00 \/ \u20ac 30,00 Reservation fee \u20ac 15,00 Grotte de Velours La marne a \u00e9t\u00e9 exploit\u00e9e par les carriers qui [&hellip;]\" \/>\n<meta property=\"og:url\" content=\"https:\/\/www.kasteelvalkenburg.nl\/fr\/planifiez-votre-visite\/tarifs\/\" \/>\n<meta property=\"og:site_name\" content=\"Kasteelru\u00efne &amp; Fluweelengrot\" \/>\n<meta property=\"article:publisher\" content=\"https:\/\/www.facebook.com\/Fluweelengrot\" \/>\n<meta property=\"article:modified_time\" content=\"2024-12-28T15:10:55+00:00\" \/>\n<meta property=\"og:image\" content=\"https:\/\/www.kasteelvalkenburg.nl\/wp-content\/uploads\/2020\/10\/Kasteelgrot-SEO.jpg\" \/>\n<meta name=\"twitter:card\" content=\"summary_large_image\" \/>\n<meta name=\"twitter:image\" content=\"https:\/\/www.kasteelvalkenburg.nl\/wp-content\/uploads\/2020\/10\/Kasteelgrot-SEO.jpg\" \/>\n<meta name=\"twitter:label1\" content=\"Dur\u00e9e de lecture estim\u00e9e\" \/>\n\t<meta name=\"twitter:data1\" content=\"1 minute\" \/>\n<script type=\"application\/ld+json\" class=\"yoast-schema-graph\">{\"@context\":\"https:\\\/\\\/schema.org\",\"@graph\":[{\"@type\":\"WebPage\",\"@id\":\"https:\\\/\\\/www.kasteelvalkenburg.nl\\\/fr\\\/planifiez-votre-visite\\\/tarifs\\\/\",\"url\":\"https:\\\/\\\/www.kasteelvalkenburg.nl\\\/fr\\\/planifiez-votre-visite\\\/tarifs\\\/\",\"name\":\"Tarifs - Kasteelru\u00efne &amp; Fluweelengrot\",\"isPartOf\":{\"@id\":\"https:\\\/\\\/www.kasteelvalkenburg.nl\\\/fr\\\/#website\"},\"primaryImageOfPage\":{\"@id\":\"https:\\\/\\\/www.kasteelvalkenburg.nl\\\/fr\\\/planifiez-votre-visite\\\/tarifs\\\/#primaryimage\"},\"image\":{\"@id\":\"https:\\\/\\\/www.kasteelvalkenburg.nl\\\/fr\\\/planifiez-votre-visite\\\/tarifs\\\/#primaryimage\"},\"thumbnailUrl\":\"https:\\\/\\\/www.kasteelvalkenburg.nl\\\/wp-content\\\/uploads\\\/2020\\\/11\\\/Kasteelgrot-Fluweelengrot_Ticketinformatie.jpg\",\"datePublished\":\"2020-09-15T08:37:30+00:00\",\"dateModified\":\"2024-12-28T15:10:55+00:00\",\"breadcrumb\":{\"@id\":\"https:\\\/\\\/www.kasteelvalkenburg.nl\\\/fr\\\/planifiez-votre-visite\\\/tarifs\\\/#breadcrumb\"},\"inLanguage\":\"fr-FR\",\"potentialAction\":[{\"@type\":\"ReadAction\",\"target\":[\"https:\\\/\\\/www.kasteelvalkenburg.nl\\\/fr\\\/planifiez-votre-visite\\\/tarifs\\\/\"]}]},{\"@type\":\"ImageObject\",\"inLanguage\":\"fr-FR\",\"@id\":\"https:\\\/\\\/www.kasteelvalkenburg.nl\\\/fr\\\/planifiez-votre-visite\\\/tarifs\\\/#primaryimage\",\"url\":\"https:\\\/\\\/www.kasteelvalkenburg.nl\\\/wp-content\\\/uploads\\\/2020\\\/11\\\/Kasteelgrot-Fluweelengrot_Ticketinformatie.jpg\",\"contentUrl\":\"https:\\\/\\\/www.kasteelvalkenburg.nl\\\/wp-content\\\/uploads\\\/2020\\\/11\\\/Kasteelgrot-Fluweelengrot_Ticketinformatie.jpg\",\"width\":1440,\"height\":662,\"caption\":\"Het uitzicht vanaf de Kasteelruine in Valkenburg\"},{\"@type\":\"BreadcrumbList\",\"@id\":\"https:\\\/\\\/www.kasteelvalkenburg.nl\\\/fr\\\/planifiez-votre-visite\\\/tarifs\\\/#breadcrumb\",\"itemListElement\":[{\"@type\":\"ListItem\",\"position\":1,\"name\":\"Home\",\"item\":\"https:\\\/\\\/www.kasteelvalkenburg.nl\\\/fr\\\/\"},{\"@type\":\"ListItem\",\"position\":2,\"name\":\"Planifiez votre visite\",\"item\":\"https:\\\/\\\/www.kasteelvalkenburg.nl\\\/fr\\\/planifiez-votre-visite\\\/\"},{\"@type\":\"ListItem\",\"position\":3,\"name\":\"Tarifs\"}]},{\"@type\":\"WebSite\",\"@id\":\"https:\\\/\\\/www.kasteelvalkenburg.nl\\\/fr\\\/#website\",\"url\":\"https:\\\/\\\/www.kasteelvalkenburg.nl\\\/fr\\\/\",\"name\":\"Kasteelru\u00efne &amp; Fluweelengrot\",\"description\":\"Bezoek de enige Hoogteburcht van ons land &amp; de mooiste grot van Nederland\",\"publisher\":{\"@id\":\"https:\\\/\\\/www.kasteelvalkenburg.nl\\\/fr\\\/#organization\"},\"potentialAction\":[{\"@type\":\"SearchAction\",\"target\":{\"@type\":\"EntryPoint\",\"urlTemplate\":\"https:\\\/\\\/www.kasteelvalkenburg.nl\\\/fr\\\/?s={search_term_string}\"},\"query-input\":{\"@type\":\"PropertyValueSpecification\",\"valueRequired\":true,\"valueName\":\"search_term_string\"}}],\"inLanguage\":\"fr-FR\"},{\"@type\":\"Organization\",\"@id\":\"https:\\\/\\\/www.kasteelvalkenburg.nl\\\/fr\\\/#organization\",\"name\":\"Kasteelru\u00efne en Fluweelengrot Valkenburg\",\"url\":\"https:\\\/\\\/www.kasteelvalkenburg.nl\\\/fr\\\/\",\"logo\":{\"@type\":\"ImageObject\",\"inLanguage\":\"fr-FR\",\"@id\":\"https:\\\/\\\/www.kasteelvalkenburg.nl\\\/fr\\\/#\\\/schema\\\/logo\\\/image\\\/\",\"url\":\"https:\\\/\\\/www.kasteelvalkenburg.nl\\\/wp-content\\\/uploads\\\/2021\\\/04\\\/Kasteelruine-Fluweelengrot-Valkenburg.jpg\",\"contentUrl\":\"https:\\\/\\\/www.kasteelvalkenburg.nl\\\/wp-content\\\/uploads\\\/2021\\\/04\\\/Kasteelruine-Fluweelengrot-Valkenburg.jpg\",\"width\":750,\"height\":335,\"caption\":\"Kasteelru\u00efne en Fluweelengrot Valkenburg\"},\"image\":{\"@id\":\"https:\\\/\\\/www.kasteelvalkenburg.nl\\\/fr\\\/#\\\/schema\\\/logo\\\/image\\\/\"},\"sameAs\":[\"https:\\\/\\\/www.facebook.com\\\/Fluweelengrot\",\"https:\\\/\\\/www.instagram.com\\\/kasteelruinefluweelengrot\\\/\",\"https:\\\/\\\/www.youtube.com\\\/channel\\\/UCMUvazDASB5LKG9-9gWyAiA\",\"https:\\\/\\\/nl.wikipedia.org\\\/wiki\\\/Fluweelengrot\"]}]}<\/script>\n<!-- \/ Yoast SEO plugin. -->","yoast_head_json":{"title":"Tarifs - Kasteelru\u00efne &amp; Fluweelengrot","robots":{"index":"index","follow":"follow","max-snippet":"max-snippet:-1","max-image-preview":"max-image-preview:large","max-video-preview":"max-video-preview:-1"},"canonical":"https:\/\/www.kasteelvalkenburg.nl\/fr\/planifiez-votre-visite\/tarifs\/","og_locale":"fr_FR","og_type":"article","og_title":"Tarifs - Kasteelru\u00efne &amp; Fluweelengrot","og_description":"Tarifs Adultes\u00a0 \u20ac 16,50 Enfants &lt; 16 ans \u20ac 12,00 Children &lt; 6 ans \u20ac 0,00 \u00a0 \u00a0 Groupes Adultes \u20ac 16,00 Enfants &lt; 16 ans&nbsp; \u20ac 11,00 Enfants &lt; 6 ans gratuit Guide \u20ac 25,00 \/ \u20ac 30,00 Reservation fee \u20ac 15,00 Grotte de Velours La marne a \u00e9t\u00e9 exploit\u00e9e par les carriers qui [&hellip;]","og_url":"https:\/\/www.kasteelvalkenburg.nl\/fr\/planifiez-votre-visite\/tarifs\/","og_site_name":"Kasteelru\u00efne &amp; Fluweelengrot","article_publisher":"https:\/\/www.facebook.com\/Fluweelengrot","article_modified_time":"2024-12-28T15:10:55+00:00","og_image":[{"url":"https:\/\/www.kasteelvalkenburg.nl\/wp-content\/uploads\/2020\/10\/Kasteelgrot-SEO.jpg","type":"","width":"","height":""}],"twitter_card":"summary_large_image","twitter_image":"https:\/\/www.kasteelvalkenburg.nl\/wp-content\/uploads\/2020\/10\/Kasteelgrot-SEO.jpg","twitter_misc":{"Dur\u00e9e de lecture estim\u00e9e":"1 minute"},"schema":{"@context":"https:\/\/schema.org","@graph":[{"@type":"WebPage","@id":"https:\/\/www.kasteelvalkenburg.nl\/fr\/planifiez-votre-visite\/tarifs\/","url":"https:\/\/www.kasteelvalkenburg.nl\/fr\/planifiez-votre-visite\/tarifs\/","name":"Tarifs - Kasteelru\u00efne &amp; Fluweelengrot","isPartOf":{"@id":"https:\/\/www.kasteelvalkenburg.nl\/fr\/#website"},"primaryImageOfPage":{"@id":"https:\/\/www.kasteelvalkenburg.nl\/fr\/planifiez-votre-visite\/tarifs\/#primaryimage"},"image":{"@id":"https:\/\/www.kasteelvalkenburg.nl\/fr\/planifiez-votre-visite\/tarifs\/#primaryimage"},"thumbnailUrl":"https:\/\/www.kasteelvalkenburg.nl\/wp-content\/uploads\/2020\/11\/Kasteelgrot-Fluweelengrot_Ticketinformatie.jpg","datePublished":"2020-09-15T08:37:30+00:00","dateModified":"2024-12-28T15:10:55+00:00","breadcrumb":{"@id":"https:\/\/www.kasteelvalkenburg.nl\/fr\/planifiez-votre-visite\/tarifs\/#breadcrumb"},"inLanguage":"fr-FR","potentialAction":[{"@type":"ReadAction","target":["https:\/\/www.kasteelvalkenburg.nl\/fr\/planifiez-votre-visite\/tarifs\/"]}]},{"@type":"ImageObject","inLanguage":"fr-FR","@id":"https:\/\/www.kasteelvalkenburg.nl\/fr\/planifiez-votre-visite\/tarifs\/#primaryimage","url":"https:\/\/www.kasteelvalkenburg.nl\/wp-content\/uploads\/2020\/11\/Kasteelgrot-Fluweelengrot_Ticketinformatie.jpg","contentUrl":"https:\/\/www.kasteelvalkenburg.nl\/wp-content\/uploads\/2020\/11\/Kasteelgrot-Fluweelengrot_Ticketinformatie.jpg","width":1440,"height":662,"caption":"Het uitzicht vanaf de Kasteelruine in Valkenburg"},{"@type":"BreadcrumbList","@id":"https:\/\/www.kasteelvalkenburg.nl\/fr\/planifiez-votre-visite\/tarifs\/#breadcrumb","itemListElement":[{"@type":"ListItem","position":1,"name":"Home","item":"https:\/\/www.kasteelvalkenburg.nl\/fr\/"},{"@type":"ListItem","position":2,"name":"Planifiez votre visite","item":"https:\/\/www.kasteelvalkenburg.nl\/fr\/planifiez-votre-visite\/"},{"@type":"ListItem","position":3,"name":"Tarifs"}]},{"@type":"WebSite","@id":"https:\/\/www.kasteelvalkenburg.nl\/fr\/#website","url":"https:\/\/www.kasteelvalkenburg.nl\/fr\/","name":"Kasteelru\u00efne &amp; Fluweelengrot","description":"Bezoek de enige Hoogteburcht van ons land &amp; de mooiste grot van Nederland","publisher":{"@id":"https:\/\/www.kasteelvalkenburg.nl\/fr\/#organization"},"potentialAction":[{"@type":"SearchAction","target":{"@type":"EntryPoint","urlTemplate":"https:\/\/www.kasteelvalkenburg.nl\/fr\/?s={search_term_string}"},"query-input":{"@type":"PropertyValueSpecification","valueRequired":true,"valueName":"search_term_string"}}],"inLanguage":"fr-FR"},{"@type":"Organization","@id":"https:\/\/www.kasteelvalkenburg.nl\/fr\/#organization","name":"Kasteelru\u00efne en Fluweelengrot Valkenburg","url":"https:\/\/www.kasteelvalkenburg.nl\/fr\/","logo":{"@type":"ImageObject","inLanguage":"fr-FR","@id":"https:\/\/www.kasteelvalkenburg.nl\/fr\/#\/schema\/logo\/image\/","url":"https:\/\/www.kasteelvalkenburg.nl\/wp-content\/uploads\/2021\/04\/Kasteelruine-Fluweelengrot-Valkenburg.jpg","contentUrl":"https:\/\/www.kasteelvalkenburg.nl\/wp-content\/uploads\/2021\/04\/Kasteelruine-Fluweelengrot-Valkenburg.jpg","width":750,"height":335,"caption":"Kasteelru\u00efne en Fluweelengrot Valkenburg"},"image":{"@id":"https:\/\/www.kasteelvalkenburg.nl\/fr\/#\/schema\/logo\/image\/"},"sameAs":["https:\/\/www.facebook.com\/Fluweelengrot","https:\/\/www.instagram.com\/kasteelruinefluweelengrot\/","https:\/\/www.youtube.com\/channel\/UCMUvazDASB5LKG9-9gWyAiA","https:\/\/nl.wikipedia.org\/wiki\/Fluweelengrot"]}]}},"_links":{"self":[{"href":"https:\/\/www.kasteelvalkenburg.nl\/fr\/wp-json\/wp\/v2\/pages\/1266","targetHints":{"allow":["GET"]}}],"collection":[{"href":"https:\/\/www.kasteelvalkenburg.nl\/fr\/wp-json\/wp\/v2\/pages"}],"about":[{"href":"https:\/\/www.kasteelvalkenburg.nl\/fr\/wp-json\/wp\/v2\/types\/page"}],"author":[{"embeddable":true,"href":"https:\/\/www.kasteelvalkenburg.nl\/fr\/wp-json\/wp\/v2\/users\/1"}],"replies":[{"embeddable":true,"href":"https:\/\/www.kasteelvalkenburg.nl\/fr\/wp-json\/wp\/v2\/comments?post=1266"}],"version-history":[{"count":27,"href":"https:\/\/www.kasteelvalkenburg.nl\/fr\/wp-json\/wp\/v2\/pages\/1266\/revisions"}],"predecessor-version":[{"id":108573,"href":"https:\/\/www.kasteelvalkenburg.nl\/fr\/wp-json\/wp\/v2\/pages\/1266\/revisions\/108573"}],"up":[{"embeddable":true,"href":"https:\/\/www.kasteelvalkenburg.nl\/fr\/wp-json\/wp\/v2\/pages\/1928"}],"wp:featuredmedia":[{"embeddable":true,"href":"https:\/\/www.kasteelvalkenburg.nl\/fr\/wp-json\/wp\/v2\/media\/1579"}],"wp:attachment":[{"href":"https:\/\/www.kasteelvalkenburg.nl\/fr\/wp-json\/wp\/v2\/media?parent=1266"}],"wp:term":[{"taxonomy":"category","embeddable":true,"href":"https:\/\/www.kasteelvalkenburg.nl\/fr\/wp-json\/wp\/v2\/categories?post=1266"},{"taxonomy":"post_tag","embeddable":true,"href":"https:\/\/www.kasteelvalkenburg.nl\/fr\/wp-json\/wp\/v2\/tags?post=1266"}],"curies":[{"name":"wp","href":"https:\/\/api.w.org\/{rel}","templated":true}]}}